{"id":65,"date":"2023-02-08T10:11:07","date_gmt":"2023-02-08T09:11:07","guid":{"rendered":"https:\/\/dcm.it-meal.net\/?page_id=65"},"modified":"2023-03-07T18:38:46","modified_gmt":"2023-03-07T17:38:46","slug":"salles-de-bain-buanderies","status":"publish","type":"page","link":"https:\/\/dcm-project.be\/fr\/nos-services\/salles-de-bain-buanderies\/","title":{"rendered":"Salles de bain et buanderies"},"content":{"rendered":"\n<div class=\"wp-block-columns is-layout-flex wp-container-core-columns-is-layout-9d6595d7 wp-block-columns-is-layout-flex\">\n<div class=\"wp-block-column is-vertically-aligned-center is-layout-flow wp-block-column-is-layout-flow\" style=\"flex-basis:33.33%\">\n<h2 class=\"wp-block-heading\">Salle de bain<\/h2>\n\n\n\n<p>Une pi\u00e8ce de vie enti\u00e8rement pr\u00e9vue pour prendre soin de soi, se d\u00e9tendre, trouver son intimit\u00e9, retrouver sa petite bulle qui procure s\u00e9r\u00e9nit\u00e9 et paix.<\/p>\n\n\n\n<p>Selon votre imagination et vos souhaits nous pouvons soit vous cr\u00e9er une salle de bain qui comblera tous vos d\u00e9sirs soit transformer une salle de bain existante&nbsp;en un lieu tr\u00e8s confortable, \u00e9l\u00e9gant, chaleureux et avec des espaces de rangements \u00e0 volont\u00e9 gr\u00e2ce au sur mesure. <\/p>\n\n\n\n<p>Nous nous engageons \u00e0 trouver la combinaison de mat\u00e9riaux de qualit\u00e9 qui correspondra \u00e0 votre personnalit\u00e9 et \u00e0 votre style.\u00a0<\/p>\n\n\n\n<a class=\"contentCTA\" href=\"https:\/\/dcm-project.be\/fr\/nos-services\/nos-realisations\/#bain\"><i style=\"display:none;\"><\/i> Plus de photos<\/a>\n\n<\/div>\n\n\n\n<div class=\"wp-block-column is-layout-flow wp-block-column-is-layout-flow\" style=\"flex-basis:66.66%\">\n<figure class=\"wp-block-gallery has-nested-images columns-2 is-cropped wp-block-gallery-1 is-layout-flex wp-block-gallery-is-layout-flex\">\n<figure class=\"wp-block-image size-large\"><a href=\"https:\/\/dcm-project.be\/wp-content\/uploads\/2023\/02\/DCM_salle-de-bain_002-rotated.jpg\"><img loading=\"lazy\" decoding=\"async\" width=\"768\" height=\"1024\" data-id=\"542\" src=\"https:\/\/dcm-project.be\/wp-content\/uploads\/2023\/02\/DCM_salle-de-bain_002-768x1024.jpg\" alt=\"\" class=\"wp-image-542\" srcset=\"https:\/\/dcm-project.be\/wp-content\/uploads\/2023\/02\/DCM_salle-de-bain_002-768x1024.jpg 768w, https:\/\/dcm-project.be\/wp-content\/uploads\/2023\/02\/DCM_salle-de-bain_002-225x300.jpg 225w, https:\/\/dcm-project.be\/wp-content\/uploads\/2023\/02\/DCM_salle-de-bain_002-1152x1536.jpg 1152w, https:\/\/dcm-project.be\/wp-content\/uploads\/2023\/02\/DCM_salle-de-bain_002-rotated.jpg 1200w\" sizes=\"auto, (max-width: 768px) 100vw, 768px\" \/><\/a><\/figure>\n\n\n\n<figure class=\"wp-block-image size-large\"><a href=\"https:\/\/dcm-project.be\/wp-content\/uploads\/2023\/02\/DCM_salle-de-bain_005-rotated.jpg\"><img loading=\"lazy\" decoding=\"async\" width=\"768\" height=\"1024\" data-id=\"544\" src=\"https:\/\/dcm-project.be\/wp-content\/uploads\/2023\/02\/DCM_salle-de-bain_005-768x1024.jpg\" alt=\"\" class=\"wp-image-544\" srcset=\"https:\/\/dcm-project.be\/wp-content\/uploads\/2023\/02\/DCM_salle-de-bain_005-768x1024.jpg 768w, https:\/\/dcm-project.be\/wp-content\/uploads\/2023\/02\/DCM_salle-de-bain_005-225x300.jpg 225w, https:\/\/dcm-project.be\/wp-content\/uploads\/2023\/02\/DCM_salle-de-bain_005-1152x1536.jpg 1152w, https:\/\/dcm-project.be\/wp-content\/uploads\/2023\/02\/DCM_salle-de-bain_005-rotated.jpg 1200w\" sizes=\"auto, (max-width: 768px) 100vw, 768px\" \/><\/a><\/figure>\n\n\n\n<figure class=\"wp-block-image size-large\"><a href=\"https:\/\/dcm-project.be\/wp-content\/uploads\/2023\/02\/DCM_salle-de-bain_004.jpg\"><img loading=\"lazy\" decoding=\"async\" width=\"1024\" height=\"768\" data-id=\"546\" src=\"https:\/\/dcm-project.be\/wp-content\/uploads\/2023\/02\/DCM_salle-de-bain_004-1024x768.jpg\" alt=\"\" class=\"wp-image-546\" srcset=\"https:\/\/dcm-project.be\/wp-content\/uploads\/2023\/02\/DCM_salle-de-bain_004-1024x768.jpg 1024w, https:\/\/dcm-project.be\/wp-content\/uploads\/2023\/02\/DCM_salle-de-bain_004-300x225.jpg 300w, https:\/\/dcm-project.be\/wp-content\/uploads\/2023\/02\/DCM_salle-de-bain_004-768x576.jpg 768w, https:\/\/dcm-project.be\/wp-content\/uploads\/2023\/02\/DCM_salle-de-bain_004-1536x1152.jpg 1536w, https:\/\/dcm-project.be\/wp-content\/uploads\/2023\/02\/DCM_salle-de-bain_004.jpg 1600w\" sizes=\"auto, (max-width: 1024px) 100vw, 1024px\" \/><\/a><\/figure>\n<\/figure>\n<\/div>\n<\/div>\n\n\n\n<div style=\"height:60px\" aria-hidden=\"true\" class=\"wp-block-spacer\"><\/div>\n\n\n\n<div class=\"wp-block-columns is-layout-flex wp-container-core-columns-is-layout-9d6595d7 wp-block-columns-is-layout-flex\">\n<div class=\"wp-block-column is-layout-flow wp-block-column-is-layout-flow\" style=\"flex-basis:66.66%\">\n<figure class=\"wp-block-gallery has-nested-images columns-2 is-cropped wp-block-gallery-2 is-layout-flex wp-block-gallery-is-layout-flex\">\n<figure class=\"wp-block-image size-large\"><a href=\"https:\/\/dcm-project.be\/wp-content\/uploads\/2023\/02\/DCM_buanderie_001.jpg\"><img loading=\"lazy\" decoding=\"async\" width=\"1024\" height=\"768\" data-id=\"533\" src=\"https:\/\/dcm-project.be\/wp-content\/uploads\/2023\/02\/DCM_buanderie_001-1024x768.jpg\" alt=\"\" class=\"wp-image-533\" srcset=\"https:\/\/dcm-project.be\/wp-content\/uploads\/2023\/02\/DCM_buanderie_001-1024x768.jpg 1024w, https:\/\/dcm-project.be\/wp-content\/uploads\/2023\/02\/DCM_buanderie_001-300x225.jpg 300w, https:\/\/dcm-project.be\/wp-content\/uploads\/2023\/02\/DCM_buanderie_001-768x576.jpg 768w, https:\/\/dcm-project.be\/wp-content\/uploads\/2023\/02\/DCM_buanderie_001-1536x1152.jpg 1536w, https:\/\/dcm-project.be\/wp-content\/uploads\/2023\/02\/DCM_buanderie_001.jpg 1600w\" sizes=\"auto, (max-width: 1024px) 100vw, 1024px\" \/><\/a><\/figure>\n\n\n\n<figure class=\"wp-block-image size-large\"><a href=\"https:\/\/dcm-project.be\/wp-content\/uploads\/2023\/02\/DCM_salle-de-bain_003-rotated.jpg\"><img loading=\"lazy\" decoding=\"async\" width=\"768\" height=\"1024\" data-id=\"539\" src=\"https:\/\/dcm-project.be\/wp-content\/uploads\/2023\/02\/DCM_salle-de-bain_003-768x1024.jpg\" alt=\"\" class=\"wp-image-539\" srcset=\"https:\/\/dcm-project.be\/wp-content\/uploads\/2023\/02\/DCM_salle-de-bain_003-768x1024.jpg 768w, https:\/\/dcm-project.be\/wp-content\/uploads\/2023\/02\/DCM_salle-de-bain_003-225x300.jpg 225w, https:\/\/dcm-project.be\/wp-content\/uploads\/2023\/02\/DCM_salle-de-bain_003-1152x1536.jpg 1152w, https:\/\/dcm-project.be\/wp-content\/uploads\/2023\/02\/DCM_salle-de-bain_003-rotated.jpg 1200w\" sizes=\"auto, (max-width: 768px) 100vw, 768px\" \/><\/a><\/figure>\n\n\n\n<figure class=\"wp-block-image size-large\"><a href=\"https:\/\/dcm-project.be\/wp-content\/uploads\/2023\/02\/DCM_salle-de-bain_001-1.jpg\"><img loading=\"lazy\" decoding=\"async\" width=\"1024\" height=\"768\" data-id=\"535\" src=\"https:\/\/dcm-project.be\/wp-content\/uploads\/2023\/02\/DCM_salle-de-bain_001-1-1024x768.jpg\" alt=\"\" class=\"wp-image-535\" srcset=\"https:\/\/dcm-project.be\/wp-content\/uploads\/2023\/02\/DCM_salle-de-bain_001-1-1024x768.jpg 1024w, https:\/\/dcm-project.be\/wp-content\/uploads\/2023\/02\/DCM_salle-de-bain_001-1-300x225.jpg 300w, https:\/\/dcm-project.be\/wp-content\/uploads\/2023\/02\/DCM_salle-de-bain_001-1-768x576.jpg 768w, https:\/\/dcm-project.be\/wp-content\/uploads\/2023\/02\/DCM_salle-de-bain_001-1-1536x1152.jpg 1536w, https:\/\/dcm-project.be\/wp-content\/uploads\/2023\/02\/DCM_salle-de-bain_001-1.jpg 1600w\" sizes=\"auto, (max-width: 1024px) 100vw, 1024px\" \/><\/a><\/figure>\n<\/figure>\n<\/div>\n\n\n\n<div class=\"wp-block-column is-vertically-aligned-center is-layout-flow wp-block-column-is-layout-flow\" style=\"flex-basis:33.33%\">\n<h2 class=\"wp-block-heading\">Buanderie<\/h2>\n\n\n\n<p>Aujourd&rsquo;hui gr\u00e2ce \u00e0 vos souhaits, nos conseils et au sur mesure, on peut imaginer l&rsquo;int\u00e9gration \u00e9l\u00e9gante dans votre salle de bain d&rsquo;une&nbsp;buanderie pour rendre le tout minimaliste, esth\u00e9tique et pratique dans la vie quotidienne.<\/p>\n\n\n\n<p>Ensemble nous pouvons cr\u00e9er une pi\u00e8ce \u00e0 vivre \u00e0 part enti\u00e8re sur mesure qui viendra\u00a0sublimer votre int\u00e9rieur et rendre les t\u00e2ches de la vie quotidienne plus pratiques avec une pi\u00e8ce bien pens\u00e9e.<\/p>\n\n\n\n<a class=\"contentCTA\" href=\"https:\/\/dcm-project.be\/fr\/nos-services\/nos-realisations\/#bain\"><i style=\"display:none;\"><\/i> Plus de photos<\/a>\n\n<\/div>\n<\/div>\n\n\n\n<div style=\"height:60px\" aria-hidden=\"true\" class=\"wp-block-spacer\"><\/div>\n\n\n\n<div class=\"wp-block-columns are-vertically-aligned-center is-layout-flex wp-container-core-columns-is-layout-9d6595d7 wp-block-columns-is-layout-flex\">\n<div class=\"wp-block-column is-vertically-aligned-center is-layout-flow wp-block-column-is-layout-flow\" style=\"flex-basis:33.33%\">\n<h2 class=\"wp-block-heading\">D\u00e9couvrez nos autres services<\/h2>\n\n\n\n<p>Nous r\u00e9alisons sur mesure tout projet d&rsquo;am\u00e9nagement int\u00e9rieur, votre future salle de bain, la cuisine de vos r\u00eaves &#8230; <\/p>\n\n\n\n<a class=\"contentCTA\" href=\"#contact\"><i style=\"display:none;\"><\/i> Contactez-nous<\/a>\n\n<\/div>\n\n\n\n<div class=\"wp-block-column is-vertically-aligned-center is-layout-flow wp-block-column-is-layout-flow\" style=\"flex-basis:66.66%\">  \n\n<div class=\"gridCatPosts\">\n\n<!-- the loop -->\n\n    \n<div class=\"gridCatItem\" id=\"post-71\" style=\"background-image: url(https:\/\/dcm-project.be\/wp-content\/uploads\/2023\/02\/DCM_amenagement-interieur_005-1024x768.jpg)\">\n<div class=\"gridCatInner\">\n<a href=\"https:\/\/dcm-project.be\/fr\/nos-services\/amenagement-interieur-sur-mesure\/\">\n<span>Am\u00e9nagement int\u00e9rieur sur mesure<\/span>\n<\/a>\n<\/div><!-- .gridCatInner -->\n<\/div><!-- .gridCatItem -->\n\n\n\n    \n<div class=\"gridCatItem\" id=\"post-603\" style=\"background-image: url(https:\/\/dcm-project.be\/wp-content\/uploads\/2023\/02\/DCM_amenagement-interieur_002-1024x768.jpg)\">\n<div class=\"gridCatInner\">\n<a href=\"https:\/\/dcm-project.be\/fr\/nos-services\/nos-realisations\/\">\n<span>Nos r\u00e9alisations<\/span>\n<\/a>\n<\/div><!-- .gridCatInner -->\n<\/div><!-- .gridCatItem -->\n\n\n\n    \n<div class=\"gridCatItem\" id=\"post-63\" style=\"background-image: url(https:\/\/dcm-project.be\/wp-content\/uploads\/2023\/02\/DCM_cuisine_002-1024x768.jpg)\">\n<div class=\"gridCatInner\">\n<a href=\"https:\/\/dcm-project.be\/fr\/nos-services\/cuisines\/\">\n<span>Cuisines<\/span>\n<\/a>\n<\/div><!-- .gridCatInner -->\n<\/div><!-- .gridCatItem -->\n\n\n\n    \n<div class=\"gridCatItem\" id=\"post-69\" style=\"background-image: url(https:\/\/dcm-project.be\/wp-content\/uploads\/2023\/02\/DCM_portes_008-1024x768.jpg)\">\n<div class=\"gridCatInner\">\n<a href=\"https:\/\/dcm-project.be\/fr\/nos-services\/portes\/\">\n<span>Portes<\/span>\n<\/a>\n<\/div><!-- .gridCatInner -->\n<\/div><!-- .gridCatItem -->\n\n\n\n    \n<div class=\"gridCatItem\" id=\"post-363\" style=\"background-image: url(https:\/\/dcm-project.be\/wp-content\/uploads\/2023\/02\/DCM_atelier_001-1024x768.jpg)\">\n<div class=\"gridCatInner\">\n<a href=\"https:\/\/dcm-project.be\/fr\/nos-services\/notre-atelier\/\">\n<span>Notre Atelier<\/span>\n<\/a>\n<\/div><!-- .gridCatInner -->\n<\/div><!-- .gridCatItem -->\n\n\n<!-- end of the loop -->\n\n\n<\/div><!-- .gridCatPosts -->\n<\/div>\n<\/div>\n","protected":false},"excerpt":{"rendered":"<p>Salle de bain Une pi\u00e8ce de vie enti\u00e8rement pr\u00e9vue pour prendre soin de soi, se d\u00e9tendre,&#8230; <span class=\"moreLink\"><a href=\"https:\/\/dcm-project.be\/fr\/nos-services\/salles-de-bain-buanderies\/\">+<\/a><\/span><\/p>\n","protected":false},"author":2,"featured_media":60,"parent":170,"menu_order":0,"comment_status":"closed","ping_status":"closed","template":"","meta":{"_acf_changed":false,"footnotes":""},"categories":[19],"class_list":["post-65","page","type-page","status-publish","has-post-thumbnail","hentry","category-services"],"acf":[],"yoast_head":"<!-- This site is optimized with the Yoast SEO plugin v27.4 - https:\/\/yoast.com\/product\/yoast-seo-wordpress\/ -->\n<title>Salles de bain et buanderies - DCM Project<\/title>\n<meta name=\"robots\" content=\"index, follow, max-snippet:-1, max-image-preview:large, max-video-preview:-1\" \/>\n<link rel=\"canonical\" href=\"https:\/\/dcm-project.be\/fr\/nos-services\/salles-de-bain-buanderies\/\" \/>\n<meta property=\"og:locale\" content=\"fr_FR\" \/>\n<meta property=\"og:type\" content=\"article\" \/>\n<meta property=\"og:title\" content=\"Salles de bain et buanderies - DCM Project\" \/>\n<meta property=\"og:description\" content=\"Salle de bain Une pi\u00e8ce de vie enti\u00e8rement pr\u00e9vue pour prendre soin de soi, se d\u00e9tendre,... +\" \/>\n<meta property=\"og:url\" content=\"https:\/\/dcm-project.be\/fr\/nos-services\/salles-de-bain-buanderies\/\" \/>\n<meta property=\"og:site_name\" content=\"DCM Project\" \/>\n<meta property=\"article:modified_time\" content=\"2023-03-07T17:38:46+00:00\" \/>\n<meta property=\"og:image\" content=\"https:\/\/dcm-project.be\/wp-content\/uploads\/2023\/02\/DCM_salle-de-bain_001.jpg\" \/>\n\t<meta property=\"og:image:width\" content=\"1600\" \/>\n\t<meta property=\"og:image:height\" content=\"1200\" \/>\n\t<meta property=\"og:image:type\" content=\"image\/jpeg\" \/>\n<meta name=\"twitter:card\" content=\"summary_large_image\" \/>\n<meta name=\"twitter:label1\" content=\"Dur\u00e9e de lecture estim\u00e9e\" \/>\n\t<meta name=\"twitter:data1\" content=\"3 minutes\" \/>\n<script type=\"application\/ld+json\" class=\"yoast-schema-graph\">{\"@context\":\"https:\\\/\\\/schema.org\",\"@graph\":[{\"@type\":\"WebPage\",\"@id\":\"https:\\\/\\\/dcm-project.be\\\/fr\\\/nos-services\\\/salles-de-bain-buanderies\\\/\",\"url\":\"https:\\\/\\\/dcm-project.be\\\/fr\\\/nos-services\\\/salles-de-bain-buanderies\\\/\",\"name\":\"Salles de bain et buanderies - DCM Project\",\"isPartOf\":{\"@id\":\"https:\\\/\\\/dcm-project.be\\\/fr\\\/#website\"},\"primaryImageOfPage\":{\"@id\":\"https:\\\/\\\/dcm-project.be\\\/fr\\\/nos-services\\\/salles-de-bain-buanderies\\\/#primaryimage\"},\"image\":{\"@id\":\"https:\\\/\\\/dcm-project.be\\\/fr\\\/nos-services\\\/salles-de-bain-buanderies\\\/#primaryimage\"},\"thumbnailUrl\":\"https:\\\/\\\/dcm-project.be\\\/wp-content\\\/uploads\\\/2023\\\/02\\\/DCM_salle-de-bain_001.jpg\",\"datePublished\":\"2023-02-08T09:11:07+00:00\",\"dateModified\":\"2023-03-07T17:38:46+00:00\",\"breadcrumb\":{\"@id\":\"https:\\\/\\\/dcm-project.be\\\/fr\\\/nos-services\\\/salles-de-bain-buanderies\\\/#breadcrumb\"},\"inLanguage\":\"fr-FR\",\"potentialAction\":[{\"@type\":\"ReadAction\",\"target\":[\"https:\\\/\\\/dcm-project.be\\\/fr\\\/nos-services\\\/salles-de-bain-buanderies\\\/\"]}]},{\"@type\":\"ImageObject\",\"inLanguage\":\"fr-FR\",\"@id\":\"https:\\\/\\\/dcm-project.be\\\/fr\\\/nos-services\\\/salles-de-bain-buanderies\\\/#primaryimage\",\"url\":\"https:\\\/\\\/dcm-project.be\\\/wp-content\\\/uploads\\\/2023\\\/02\\\/DCM_salle-de-bain_001.jpg\",\"contentUrl\":\"https:\\\/\\\/dcm-project.be\\\/wp-content\\\/uploads\\\/2023\\\/02\\\/DCM_salle-de-bain_001.jpg\",\"width\":1600,\"height\":1200},{\"@type\":\"BreadcrumbList\",\"@id\":\"https:\\\/\\\/dcm-project.be\\\/fr\\\/nos-services\\\/salles-de-bain-buanderies\\\/#breadcrumb\",\"itemListElement\":[{\"@type\":\"ListItem\",\"position\":1,\"name\":\"Accueil\",\"item\":\"https:\\\/\\\/dcm-project.be\\\/fr\\\/\"},{\"@type\":\"ListItem\",\"position\":2,\"name\":\"Nos services\",\"item\":\"https:\\\/\\\/dcm-project.be\\\/fr\\\/nos-services\\\/\"},{\"@type\":\"ListItem\",\"position\":3,\"name\":\"Salles de bain et buanderies\"}]},{\"@type\":\"WebSite\",\"@id\":\"https:\\\/\\\/dcm-project.be\\\/fr\\\/#website\",\"url\":\"https:\\\/\\\/dcm-project.be\\\/fr\\\/\",\"name\":\"DCM Project\",\"description\":\"Am\u00e9nagements int\u00e9rieurs - Menuiserie\",\"potentialAction\":[{\"@type\":\"SearchAction\",\"target\":{\"@type\":\"EntryPoint\",\"urlTemplate\":\"https:\\\/\\\/dcm-project.be\\\/fr\\\/?s={search_term_string}\"},\"query-input\":{\"@type\":\"PropertyValueSpecification\",\"valueRequired\":true,\"valueName\":\"search_term_string\"}}],\"inLanguage\":\"fr-FR\"}]}<\/script>\n<!-- \/ Yoast SEO plugin. -->","yoast_head_json":{"title":"Salles de bain et buanderies - DCM Project","robots":{"index":"index","follow":"follow","max-snippet":"max-snippet:-1","max-image-preview":"max-image-preview:large","max-video-preview":"max-video-preview:-1"},"canonical":"https:\/\/dcm-project.be\/fr\/nos-services\/salles-de-bain-buanderies\/","og_locale":"fr_FR","og_type":"article","og_title":"Salles de bain et buanderies - DCM Project","og_description":"Salle de bain Une pi\u00e8ce de vie enti\u00e8rement pr\u00e9vue pour prendre soin de soi, se d\u00e9tendre,... +","og_url":"https:\/\/dcm-project.be\/fr\/nos-services\/salles-de-bain-buanderies\/","og_site_name":"DCM Project","article_modified_time":"2023-03-07T17:38:46+00:00","og_image":[{"width":1600,"height":1200,"url":"https:\/\/dcm-project.be\/wp-content\/uploads\/2023\/02\/DCM_salle-de-bain_001.jpg","type":"image\/jpeg"}],"twitter_card":"summary_large_image","twitter_misc":{"Dur\u00e9e de lecture estim\u00e9e":"3 minutes"},"schema":{"@context":"https:\/\/schema.org","@graph":[{"@type":"WebPage","@id":"https:\/\/dcm-project.be\/fr\/nos-services\/salles-de-bain-buanderies\/","url":"https:\/\/dcm-project.be\/fr\/nos-services\/salles-de-bain-buanderies\/","name":"Salles de bain et buanderies - DCM Project","isPartOf":{"@id":"https:\/\/dcm-project.be\/fr\/#website"},"primaryImageOfPage":{"@id":"https:\/\/dcm-project.be\/fr\/nos-services\/salles-de-bain-buanderies\/#primaryimage"},"image":{"@id":"https:\/\/dcm-project.be\/fr\/nos-services\/salles-de-bain-buanderies\/#primaryimage"},"thumbnailUrl":"https:\/\/dcm-project.be\/wp-content\/uploads\/2023\/02\/DCM_salle-de-bain_001.jpg","datePublished":"2023-02-08T09:11:07+00:00","dateModified":"2023-03-07T17:38:46+00:00","breadcrumb":{"@id":"https:\/\/dcm-project.be\/fr\/nos-services\/salles-de-bain-buanderies\/#breadcrumb"},"inLanguage":"fr-FR","potentialAction":[{"@type":"ReadAction","target":["https:\/\/dcm-project.be\/fr\/nos-services\/salles-de-bain-buanderies\/"]}]},{"@type":"ImageObject","inLanguage":"fr-FR","@id":"https:\/\/dcm-project.be\/fr\/nos-services\/salles-de-bain-buanderies\/#primaryimage","url":"https:\/\/dcm-project.be\/wp-content\/uploads\/2023\/02\/DCM_salle-de-bain_001.jpg","contentUrl":"https:\/\/dcm-project.be\/wp-content\/uploads\/2023\/02\/DCM_salle-de-bain_001.jpg","width":1600,"height":1200},{"@type":"BreadcrumbList","@id":"https:\/\/dcm-project.be\/fr\/nos-services\/salles-de-bain-buanderies\/#breadcrumb","itemListElement":[{"@type":"ListItem","position":1,"name":"Accueil","item":"https:\/\/dcm-project.be\/fr\/"},{"@type":"ListItem","position":2,"name":"Nos services","item":"https:\/\/dcm-project.be\/fr\/nos-services\/"},{"@type":"ListItem","position":3,"name":"Salles de bain et buanderies"}]},{"@type":"WebSite","@id":"https:\/\/dcm-project.be\/fr\/#website","url":"https:\/\/dcm-project.be\/fr\/","name":"DCM Project","description":"Am\u00e9nagements int\u00e9rieurs - Menuiserie","potentialAction":[{"@type":"SearchAction","target":{"@type":"EntryPoint","urlTemplate":"https:\/\/dcm-project.be\/fr\/?s={search_term_string}"},"query-input":{"@type":"PropertyValueSpecification","valueRequired":true,"valueName":"search_term_string"}}],"inLanguage":"fr-FR"}]}},"_links":{"self":[{"href":"https:\/\/dcm-project.be\/fr\/wp-json\/wp\/v2\/pages\/65","targetHints":{"allow":["GET"]}}],"collection":[{"href":"https:\/\/dcm-project.be\/fr\/wp-json\/wp\/v2\/pages"}],"about":[{"href":"https:\/\/dcm-project.be\/fr\/wp-json\/wp\/v2\/types\/page"}],"author":[{"embeddable":true,"href":"https:\/\/dcm-project.be\/fr\/wp-json\/wp\/v2\/users\/2"}],"replies":[{"embeddable":true,"href":"https:\/\/dcm-project.be\/fr\/wp-json\/wp\/v2\/comments?post=65"}],"version-history":[{"count":12,"href":"https:\/\/dcm-project.be\/fr\/wp-json\/wp\/v2\/pages\/65\/revisions"}],"predecessor-version":[{"id":1204,"href":"https:\/\/dcm-project.be\/fr\/wp-json\/wp\/v2\/pages\/65\/revisions\/1204"}],"up":[{"embeddable":true,"href":"https:\/\/dcm-project.be\/fr\/wp-json\/wp\/v2\/pages\/170"}],"wp:featuredmedia":[{"embeddable":true,"href":"https:\/\/dcm-project.be\/fr\/wp-json\/wp\/v2\/media\/60"}],"wp:attachment":[{"href":"https:\/\/dcm-project.be\/fr\/wp-json\/wp\/v2\/media?parent=65"}],"wp:term":[{"taxonomy":"category","embeddable":true,"href":"https:\/\/dcm-project.be\/fr\/wp-json\/wp\/v2\/categories?post=65"}],"curies":[{"name":"wp","href":"https:\/\/api.w.org\/{rel}","templated":true}]}}